{"id":181,"date":"2024-05-08T14:20:27","date_gmt":"2024-05-08T12:20:27","guid":{"rendered":"https:\/\/greneco.hu\/?page_id=181"},"modified":"2024-08-08T08:48:05","modified_gmt":"2024-08-08T06:48:05","slug":"kapcsolat-agora-kft","status":"publish","type":"page","link":"https:\/\/greneco.hu\/en\/kapcsolat-agora-kft\/","title":{"rendered":"Kapcsolat Agora Kft"},"content":{"rendered":"<div data-elementor-type=\"wp-page\" data-elementor-id=\"181\" class=\"elementor elementor-181\" data-elementor-post-type=\"page\">\n\t\t\t\t\t\t<section class=\"elementor-section elementor-top-section elementor-element elementor-element-0c2d5c4 elementor-section-full_width elementor-section-height-default elementor-section-height-default\" data-id=\"0c2d5c4\" data-element_type=\"section\" data-e-type=\"section\">\n\t\t\t\t\t\t<div class=\"elementor-container elementor-column-gap-no\">\n\t\t\t\t\t<div class=\"elementor-column elementor-col-100 elementor-top-column elementor-element elementor-element-da09d4a\" data-id=\"da09d4a\" data-element_type=\"column\" data-e-type=\"column\">\n\t\t\t<div class=\"elementor-widget-wrap elementor-element-populated\">\n\t\t\t\t\t\t<div class=\"elementor-element elementor-element-1171e98 elementor--h-position-center elementor--v-position-middle elementor-arrows-position-inside elementor-pagination-position-inside elementor-widget elementor-widget-slides\" data-id=\"1171e98\" data-element_type=\"widget\" data-e-type=\"widget\" data-settings=\"{&quot;navigation&quot;:&quot;both&quot;,&quot;autoplay&quot;:&quot;yes&quot;,&quot;pause_on_hover&quot;:&quot;yes&quot;,&quot;pause_on_interaction&quot;:&quot;yes&quot;,&quot;autoplay_speed&quot;:5000,&quot;infinite&quot;:&quot;yes&quot;,&quot;transition&quot;:&quot;slide&quot;,&quot;transition_speed&quot;:500}\" data-widget_type=\"slides.default\">\n\t\t\t\t<div class=\"elementor-widget-container\">\n\t\t\t\t\t\t\t\t\t<div class=\"elementor-swiper\">\n\t\t\t\t\t<div class=\"elementor-slides-wrapper elementor-main-swiper swiper\" role=\"region\" aria-roledescription=\"carousel\" aria-label=\"Slides\" dir=\"ltr\" data-animation=\"fadeInUp\" data-no-translation-aria-label=\"\">\n\t\t\t\t<div class=\"swiper-wrapper elementor-slides\">\n\t\t\t\t\t\t\t\t\t\t<div class=\"elementor-repeater-item-31ccdbe swiper-slide\" role=\"group\" aria-roledescription=\"slide\"><div class=\"swiper-slide-bg\" role=\"img\" aria-label=\"8\"><\/div><div class=\"elementor-background-overlay\"><\/div><div class=\"swiper-slide-inner\" ><div class=\"swiper-slide-contents\"><div class=\"elementor-slide-heading\">\"AGORA\" LTD.<\/div><div class=\"elementor-slide-description\">CONTACT<\/div><\/div><\/div><\/div>\t\t\t\t<\/div>\n\t\t\t\t\t\t\t<\/div>\n\t\t\t\t<\/div>\n\t\t\t\t\t\t\t\t<\/div>\n\t\t\t\t<\/div>\n\t\t\t\t\t<\/div>\n\t\t<\/div>\n\t\t\t\t\t<\/div>\n\t\t<\/section>\n\t\t\t\t<section class=\"elementor-section elementor-top-section elementor-element elementor-element-4870998 elementor-section-boxed elementor-section-height-default elementor-section-height-default\" data-id=\"4870998\" data-element_type=\"section\" data-e-type=\"section\">\n\t\t\t\t\t\t\t<div class=\"elementor-background-overlay\"><\/div>\n\t\t\t\t\t\t\t<div class=\"elementor-container elementor-column-gap-default\">\n\t\t\t\t\t<div class=\"elementor-column elementor-col-100 elementor-top-column elementor-element elementor-element-12813cc\" data-id=\"12813cc\" data-element_type=\"column\" data-e-type=\"column\">\n\t\t\t<div class=\"elementor-widget-wrap elementor-element-populated\">\n\t\t\t\t\t\t<div class=\"elementor-element elementor-element-aedd71f elementor-widget__width-initial elementor-widget elementor-widget-image\" data-id=\"aedd71f\" data-element_type=\"widget\" data-e-type=\"widget\" data-widget_type=\"image.default\">\n\t\t\t\t<div class=\"elementor-widget-container\">\n\t\t\t\t\t\t\t\t\t\t\t\t\t\t\t<img fetchpriority=\"high\" decoding=\"async\" width=\"800\" height=\"263\" src=\"https:\/\/greneco.hu\/wp-content\/uploads\/2024\/05\/agora-logo-3-1024x336.jpg\" class=\"attachment-large size-large wp-image-1035\" alt=\"\" srcset=\"https:\/\/greneco.hu\/wp-content\/uploads\/2024\/05\/agora-logo-3-1024x336.jpg 1024w, https:\/\/greneco.hu\/wp-content\/uploads\/2024\/05\/agora-logo-3-300x98.jpg 300w, https:\/\/greneco.hu\/wp-content\/uploads\/2024\/05\/agora-logo-3-768x252.jpg 768w, https:\/\/greneco.hu\/wp-content\/uploads\/2024\/05\/agora-logo-3-1536x504.jpg 1536w, https:\/\/greneco.hu\/wp-content\/uploads\/2024\/05\/agora-logo-3-2048x672.jpg 2048w, https:\/\/greneco.hu\/wp-content\/uploads\/2024\/05\/agora-logo-3-18x6.jpg 18w\" sizes=\"(max-width: 800px) 100vw, 800px\" \/>\t\t\t\t\t\t\t\t\t\t\t\t\t\t\t<\/div>\n\t\t\t\t<\/div>\n\t\t\t\t<div class=\"elementor-element elementor-element-26a3908 elementor-mobile-align-center elementor-align-center elementor-icon-list--layout-traditional elementor-list-item-link-full_width elementor-widget elementor-widget-icon-list\" data-id=\"26a3908\" data-element_type=\"widget\" data-e-type=\"widget\" data-widget_type=\"icon-list.default\">\n\t\t\t\t<div class=\"elementor-widget-container\">\n\t\t\t\t\t\t\t<ul class=\"elementor-icon-list-items\">\n\t\t\t\t\t\t\t<li class=\"elementor-icon-list-item\">\n\t\t\t\t\t\t\t\t\t\t\t<span class=\"elementor-icon-list-icon\">\n\t\t\t\t\t\t\t<svg aria-hidden=\"true\" class=\"e-font-icon-svg e-fas-map-marker-alt\" viewbox=\"0 0 384 512\" xmlns=\"http:\/\/www.w3.org\/2000\/svg\"><path d=\"M172.268 501.67C26.97 291.031 0 269.413 0 192 0 85.961 85.961 0 192 0s192 85.961 192 192c0 77.413-26.97 99.031-172.268 309.67-9.535 13.774-29.93 13.773-39.464 0zM192 272c44.183 0 80-35.817 80-80s-35.817-80-80-80-80 35.817-80 80 35.817 80 80 80z\"><\/path><\/svg>\t\t\t\t\t\t<\/span>\n\t\t\t\t\t\t\t\t\t\t<span class=\"elementor-icon-list-text\">Budapest, Bojt\u00e1r u. 50.<\/span>\n\t\t\t\t\t\t\t\t\t<\/li>\n\t\t\t\t\t\t\t\t<li class=\"elementor-icon-list-item\">\n\t\t\t\t\t\t\t\t\t\t\t<span class=\"elementor-icon-list-icon\">\n\t\t\t\t\t\t\t<svg aria-hidden=\"true\" class=\"e-font-icon-svg e-fas-clipboard-list\" viewbox=\"0 0 384 512\" xmlns=\"http:\/\/www.w3.org\/2000\/svg\"><path d=\"M336 64h-80c0-35.3-28.7-64-64-64s-64 28.7-64 64H48C21.5 64 0 85.5 0 112v352c0 26.5 21.5 48 48 48h288c26.5 0 48-21.5 48-48V112c0-26.5-21.5-48-48-48zM96 424c-13.3 0-24-10.7-24-24s10.7-24 24-24 24 10.7 24 24-10.7 24-24 24zm0-96c-13.3 0-24-10.7-24-24s10.7-24 24-24 24 10.7 24 24-10.7 24-24 24zm0-96c-13.3 0-24-10.7-24-24s10.7-24 24-24 24 10.7 24 24-10.7 24-24 24zm96-192c13.3 0 24 10.7 24 24s-10.7 24-24 24-24-10.7-24-24 10.7-24 24-24zm128 368c0 4.4-3.6 8-8 8H168c-4.4 0-8-3.6-8-8v-16c0-4.4 3.6-8 8-8h144c4.4 0 8 3.6 8 8v16zm0-96c0 4.4-3.6 8-8 8H168c-4.4 0-8-3.6-8-8v-16c0-4.4 3.6-8 8-8h144c4.4 0 8 3.6 8 8v16zm0-96c0 4.4-3.6 8-8 8H168c-4.4 0-8-3.6-8-8v-16c0-4.4 3.6-8 8-8h144c4.4 0 8 3.6 8 8v16z\"><\/path><\/svg>\t\t\t\t\t\t<\/span>\n\t\t\t\t\t\t\t\t\t\t<span class=\"elementor-icon-list-text\">Company registration number: 01-09-353671<\/span>\n\t\t\t\t\t\t\t\t\t<\/li>\n\t\t\t\t\t\t\t\t<li class=\"elementor-icon-list-item\">\n\t\t\t\t\t\t\t\t\t\t\t<span class=\"elementor-icon-list-icon\">\n\t\t\t\t\t\t\t<svg aria-hidden=\"true\" class=\"e-font-icon-svg e-fas-clipboard-list\" viewbox=\"0 0 384 512\" xmlns=\"http:\/\/www.w3.org\/2000\/svg\"><path d=\"M336 64h-80c0-35.3-28.7-64-64-64s-64 28.7-64 64H48C21.5 64 0 85.5 0 112v352c0 26.5 21.5 48 48 48h288c26.5 0 48-21.5 48-48V112c0-26.5-21.5-48-48-48zM96 424c-13.3 0-24-10.7-24-24s10.7-24 24-24 24 10.7 24 24-10.7 24-24 24zm0-96c-13.3 0-24-10.7-24-24s10.7-24 24-24 24 10.7 24 24-10.7 24-24 24zm0-96c-13.3 0-24-10.7-24-24s10.7-24 24-24 24 10.7 24 24-10.7 24-24 24zm96-192c13.3 0 24 10.7 24 24s-10.7 24-24 24-24-10.7-24-24 10.7-24 24-24zm128 368c0 4.4-3.6 8-8 8H168c-4.4 0-8-3.6-8-8v-16c0-4.4 3.6-8 8-8h144c4.4 0 8 3.6 8 8v16zm0-96c0 4.4-3.6 8-8 8H168c-4.4 0-8-3.6-8-8v-16c0-4.4 3.6-8 8-8h144c4.4 0 8 3.6 8 8v16zm0-96c0 4.4-3.6 8-8 8H168c-4.4 0-8-3.6-8-8v-16c0-4.4 3.6-8 8-8h144c4.4 0 8 3.6 8 8v16z\"><\/path><\/svg>\t\t\t\t\t\t<\/span>\n\t\t\t\t\t\t\t\t\t\t<span class=\"elementor-icon-list-text\">Tax number: 10243080-2-41<\/span>\n\t\t\t\t\t\t\t\t\t<\/li>\n\t\t\t\t\t\t\t\t<li class=\"elementor-icon-list-item\">\n\t\t\t\t\t\t\t\t\t\t\t<span class=\"elementor-icon-list-icon\">\n\t\t\t\t\t\t\t<svg aria-hidden=\"true\" class=\"e-font-icon-svg e-fas-phone-alt\" viewbox=\"0 0 512 512\" xmlns=\"http:\/\/www.w3.org\/2000\/svg\"><path d=\"M497.39 361.8l-112-48a24 24 0 0 0-28 6.9l-49.6 60.6A370.66 370.66 0 0 1 130.6 204.11l60.6-49.6a23.94 23.94 0 0 0 6.9-28l-48-112A24.16 24.16 0 0 0 122.6.61l-104 24A24 24 0 0 0 0 48c0 256.5 207.9 464 464 464a24 24 0 0 0 23.4-18.6l24-104a24.29 24.29 0 0 0-14.01-27.6z\"><\/path><\/svg>\t\t\t\t\t\t<\/span>\n\t\t\t\t\t\t\t\t\t\t<span class=\"elementor-icon-list-text\">+36 20 235 6475<\/span>\n\t\t\t\t\t\t\t\t\t<\/li>\n\t\t\t\t\t\t\t\t<li class=\"elementor-icon-list-item\">\n\t\t\t\t\t\t\t\t\t\t\t<span class=\"elementor-icon-list-icon\">\n\t\t\t\t\t\t\t<svg aria-hidden=\"true\" class=\"e-font-icon-svg e-far-envelope\" viewbox=\"0 0 512 512\" xmlns=\"http:\/\/www.w3.org\/2000\/svg\"><path d=\"M464 64H48C21.49 64 0 85.49 0 112v288c0 26.51 21.49 48 48 48h416c26.51 0 48-21.49 48-48V112c0-26.51-21.49-48-48-48zm0 48v40.805c-22.422 18.259-58.168 46.651-134.587 106.49-16.841 13.247-50.201 45.072-73.413 44.701-23.208.375-56.579-31.459-73.413-44.701C106.18 199.465 70.425 171.067 48 152.805V112h416zM48 400V214.398c22.914 18.251 55.409 43.862 104.938 82.646 21.857 17.205 60.134 55.186 103.062 54.955 42.717.231 80.509-37.199 103.053-54.947 49.528-38.783 82.032-64.401 104.947-82.653V400H48z\"><\/path><\/svg>\t\t\t\t\t\t<\/span>\n\t\t\t\t\t\t\t\t\t\t<span class=\"elementor-icon-list-text\">agora@agorabp.hu<\/span>\n\t\t\t\t\t\t\t\t\t<\/li>\n\t\t\t\t\t\t<\/ul>\n\t\t\t\t\t\t<\/div>\n\t\t\t\t<\/div>\n\t\t\t\t\t<\/div>\n\t\t<\/div>\n\t\t\t\t\t<\/div>\n\t\t<\/section>\n\t\t\t\t<section class=\"elementor-section elementor-top-section elementor-element elementor-element-d9cde41 elementor-section-full_width elementor-section-height-default elementor-section-height-default\" data-id=\"d9cde41\" data-element_type=\"section\" data-e-type=\"section\">\n\t\t\t\t\t\t<div class=\"elementor-container elementor-column-gap-no\">\n\t\t\t\t\t<div class=\"elementor-column elementor-col-100 elementor-top-column elementor-element elementor-element-1228ffa\" data-id=\"1228ffa\" data-element_type=\"column\" data-e-type=\"column\">\n\t\t\t<div class=\"elementor-widget-wrap elementor-element-populated\">\n\t\t\t\t\t\t<div class=\"elementor-element elementor-element-7036d37 elementor-widget elementor-widget-google_maps\" data-id=\"7036d37\" data-element_type=\"widget\" data-e-type=\"widget\" data-widget_type=\"google_maps.default\">\n\t\t\t\t<div class=\"elementor-widget-container\">\n\t\t\t\t\t\t\t<div class=\"elementor-custom-embed\">\n\t\t\t<iframe loading=\"lazy\"\n\t\t\t\t\tsrc=\"https:\/\/maps.google.com\/maps?q=Budapest%2C%20Bojt%C3%A1r%20%2050&#038;t=m&#038;z=12&#038;output=embed&#038;iwloc=near\"\n\t\t\t\t\ttitle=\"Budapest, Bojt\u00e1r  50\"\n\t\t\t\t\taria-label=\"Budapest, Bojt\u00e1r  50\"\n\t\t\t><\/iframe>\n\t\t<\/div>\n\t\t\t\t\t\t<\/div>\n\t\t\t\t<\/div>\n\t\t\t\t\t<\/div>\n\t\t<\/div>\n\t\t\t\t\t<\/div>\n\t\t<\/section>\n\t\t\t\t<\/div>","protected":false},"excerpt":{"rendered":"<p>&#8222;AGORA&#8221; KFT.KAPCSOLAT Budapest, Bojt\u00e1r u. 50. C\u00e9gjegyz\u00e9ksz\u00e1m: 01-09-353671 Ad\u00f3sz\u00e1m: 10243080-2-41 +36 20 235 6475 agora@agorabp.hu<\/p>","protected":false},"author":1,"featured_media":0,"parent":0,"menu_order":0,"comment_status":"closed","ping_status":"closed","template":"elementor_header_footer","meta":{"footnotes":""},"class_list":["post-181","page","type-page","status-publish","hentry"],"yoast_head":"<!-- This site is optimized with the Yoast SEO plugin v27.3 - https:\/\/yoast.com\/product\/yoast-seo-wordpress\/ -->\n<title>Kapcsolat Agora Kft - Agora Kft - Greneco Kft<\/title>\n<meta name=\"description\" content=\"AGORA \u00c9p\u00edt\u0151ipari \u00e9s Kereskedelmi Kft.-Kapcsolat-El\u00e9rhet\u0151s\u00e9g-F\u0151 tev\u00e9kenys\u00e9ge: lak\u00f3- \u00e9s nem lak\u00f3 \u00e9p\u00fcletek \u00e9p\u00edt\u00e9se. -1037 Budapest Bojt\u00e1r u. 50.\" \/>\n<meta name=\"robots\" content=\"index, follow, max-snippet:-1, max-image-preview:large, max-video-preview:-1\" \/>\n<link rel=\"canonical\" href=\"https:\/\/greneco.hu\/en\/kapcsolat-agora-kft\/\" \/>\n<meta property=\"og:locale\" content=\"en_GB\" \/>\n<meta property=\"og:type\" content=\"article\" \/>\n<meta property=\"og:title\" content=\"Kapcsolat Agora Kft - Agora Kft - Greneco Kft\" \/>\n<meta property=\"og:description\" content=\"AGORA \u00c9p\u00edt\u0151ipari \u00e9s Kereskedelmi Kft.-Kapcsolat-El\u00e9rhet\u0151s\u00e9g-F\u0151 tev\u00e9kenys\u00e9ge: lak\u00f3- \u00e9s nem lak\u00f3 \u00e9p\u00fcletek \u00e9p\u00edt\u00e9se. -1037 Budapest Bojt\u00e1r u. 50.\" \/>\n<meta property=\"og:url\" content=\"https:\/\/greneco.hu\/en\/kapcsolat-agora-kft\/\" \/>\n<meta property=\"og:site_name\" content=\"Agora Kft - Greneco Kft\" \/>\n<meta property=\"article:modified_time\" content=\"2024-08-08T06:48:05+00:00\" \/>\n<meta property=\"og:image\" content=\"https:\/\/greneco.hu\/wp-content\/uploads\/2024\/05\/agora-logo-3-1024x336.jpg\" \/>\n<meta name=\"twitter:card\" content=\"summary_large_image\" \/>\n<meta name=\"twitter:label1\" content=\"Estimated reading time\" \/>\n\t<meta name=\"twitter:data1\" content=\"1 minute\" \/>\n<script type=\"application\/ld+json\" class=\"yoast-schema-graph\">{\"@context\":\"https:\\\/\\\/schema.org\",\"@graph\":[{\"@type\":\"WebPage\",\"@id\":\"https:\\\/\\\/greneco.hu\\\/kapcsolat-agora-kft\\\/\",\"url\":\"https:\\\/\\\/greneco.hu\\\/kapcsolat-agora-kft\\\/\",\"name\":\"Kapcsolat Agora Kft - Agora Kft - Greneco Kft\",\"isPartOf\":{\"@id\":\"https:\\\/\\\/greneco.hu\\\/#website\"},\"primaryImageOfPage\":{\"@id\":\"https:\\\/\\\/greneco.hu\\\/kapcsolat-agora-kft\\\/#primaryimage\"},\"image\":{\"@id\":\"https:\\\/\\\/greneco.hu\\\/kapcsolat-agora-kft\\\/#primaryimage\"},\"thumbnailUrl\":\"https:\\\/\\\/greneco.hu\\\/wp-content\\\/uploads\\\/2024\\\/05\\\/agora-logo-3-1024x336.jpg\",\"datePublished\":\"2024-05-08T12:20:27+00:00\",\"dateModified\":\"2024-08-08T06:48:05+00:00\",\"description\":\"AGORA \u00c9p\u00edt\u0151ipari \u00e9s Kereskedelmi Kft.-Kapcsolat-El\u00e9rhet\u0151s\u00e9g-F\u0151 tev\u00e9kenys\u00e9ge: lak\u00f3- \u00e9s nem lak\u00f3 \u00e9p\u00fcletek \u00e9p\u00edt\u00e9se. -1037 Budapest Bojt\u00e1r u. 50.\",\"breadcrumb\":{\"@id\":\"https:\\\/\\\/greneco.hu\\\/kapcsolat-agora-kft\\\/#breadcrumb\"},\"inLanguage\":\"en-GB\",\"potentialAction\":[{\"@type\":\"ReadAction\",\"target\":[\"https:\\\/\\\/greneco.hu\\\/kapcsolat-agora-kft\\\/\"]}]},{\"@type\":\"ImageObject\",\"inLanguage\":\"en-GB\",\"@id\":\"https:\\\/\\\/greneco.hu\\\/kapcsolat-agora-kft\\\/#primaryimage\",\"url\":\"https:\\\/\\\/greneco.hu\\\/wp-content\\\/uploads\\\/2024\\\/05\\\/agora-logo-3-1024x336.jpg\",\"contentUrl\":\"https:\\\/\\\/greneco.hu\\\/wp-content\\\/uploads\\\/2024\\\/05\\\/agora-logo-3-1024x336.jpg\"},{\"@type\":\"BreadcrumbList\",\"@id\":\"https:\\\/\\\/greneco.hu\\\/kapcsolat-agora-kft\\\/#breadcrumb\",\"itemListElement\":[{\"@type\":\"ListItem\",\"position\":1,\"name\":\"Kezd\u0151lap\",\"item\":\"https:\\\/\\\/greneco.hu\\\/\"},{\"@type\":\"ListItem\",\"position\":2,\"name\":\"Kapcsolat Agora Kft\"}]},{\"@type\":\"WebSite\",\"@id\":\"https:\\\/\\\/greneco.hu\\\/#website\",\"url\":\"https:\\\/\\\/greneco.hu\\\/\",\"name\":\"Agora Kft - Greneco Kft\",\"description\":\"\",\"potentialAction\":[{\"@type\":\"SearchAction\",\"target\":{\"@type\":\"EntryPoint\",\"urlTemplate\":\"https:\\\/\\\/greneco.hu\\\/?s={search_term_string}\"},\"query-input\":{\"@type\":\"PropertyValueSpecification\",\"valueRequired\":true,\"valueName\":\"search_term_string\"}}],\"inLanguage\":\"en-GB\"}]}<\/script>\n<!-- \/ Yoast SEO plugin. -->","yoast_head_json":{"title":"Kapcsolat Agora Kft - Agora Kft - Greneco Kft","description":"AGORA \u00c9p\u00edt\u0151ipari \u00e9s Kereskedelmi Kft.-Kapcsolat-El\u00e9rhet\u0151s\u00e9g-F\u0151 tev\u00e9kenys\u00e9ge: lak\u00f3- \u00e9s nem lak\u00f3 \u00e9p\u00fcletek \u00e9p\u00edt\u00e9se. -1037 Budapest Bojt\u00e1r u. 50.","robots":{"index":"index","follow":"follow","max-snippet":"max-snippet:-1","max-image-preview":"max-image-preview:large","max-video-preview":"max-video-preview:-1"},"canonical":"https:\/\/greneco.hu\/en\/kapcsolat-agora-kft\/","og_locale":"en_GB","og_type":"article","og_title":"Kapcsolat Agora Kft - Agora Kft - Greneco Kft","og_description":"AGORA \u00c9p\u00edt\u0151ipari \u00e9s Kereskedelmi Kft.-Kapcsolat-El\u00e9rhet\u0151s\u00e9g-F\u0151 tev\u00e9kenys\u00e9ge: lak\u00f3- \u00e9s nem lak\u00f3 \u00e9p\u00fcletek \u00e9p\u00edt\u00e9se. -1037 Budapest Bojt\u00e1r u. 50.","og_url":"https:\/\/greneco.hu\/en\/kapcsolat-agora-kft\/","og_site_name":"Agora Kft - Greneco Kft","article_modified_time":"2024-08-08T06:48:05+00:00","og_image":[{"url":"https:\/\/greneco.hu\/wp-content\/uploads\/2024\/05\/agora-logo-3-1024x336.jpg","type":"","width":"","height":""}],"twitter_card":"summary_large_image","twitter_misc":{"Estimated reading time":"1 minute"},"schema":{"@context":"https:\/\/schema.org","@graph":[{"@type":"WebPage","@id":"https:\/\/greneco.hu\/kapcsolat-agora-kft\/","url":"https:\/\/greneco.hu\/kapcsolat-agora-kft\/","name":"Kapcsolat Agora Kft - Agora Kft - Greneco Kft","isPartOf":{"@id":"https:\/\/greneco.hu\/#website"},"primaryImageOfPage":{"@id":"https:\/\/greneco.hu\/kapcsolat-agora-kft\/#primaryimage"},"image":{"@id":"https:\/\/greneco.hu\/kapcsolat-agora-kft\/#primaryimage"},"thumbnailUrl":"https:\/\/greneco.hu\/wp-content\/uploads\/2024\/05\/agora-logo-3-1024x336.jpg","datePublished":"2024-05-08T12:20:27+00:00","dateModified":"2024-08-08T06:48:05+00:00","description":"AGORA \u00c9p\u00edt\u0151ipari \u00e9s Kereskedelmi Kft.-Kapcsolat-El\u00e9rhet\u0151s\u00e9g-F\u0151 tev\u00e9kenys\u00e9ge: lak\u00f3- \u00e9s nem lak\u00f3 \u00e9p\u00fcletek \u00e9p\u00edt\u00e9se. -1037 Budapest Bojt\u00e1r u. 50.","breadcrumb":{"@id":"https:\/\/greneco.hu\/kapcsolat-agora-kft\/#breadcrumb"},"inLanguage":"en-GB","potentialAction":[{"@type":"ReadAction","target":["https:\/\/greneco.hu\/kapcsolat-agora-kft\/"]}]},{"@type":"ImageObject","inLanguage":"en-GB","@id":"https:\/\/greneco.hu\/kapcsolat-agora-kft\/#primaryimage","url":"https:\/\/greneco.hu\/wp-content\/uploads\/2024\/05\/agora-logo-3-1024x336.jpg","contentUrl":"https:\/\/greneco.hu\/wp-content\/uploads\/2024\/05\/agora-logo-3-1024x336.jpg"},{"@type":"BreadcrumbList","@id":"https:\/\/greneco.hu\/kapcsolat-agora-kft\/#breadcrumb","itemListElement":[{"@type":"ListItem","position":1,"name":"Kezd\u0151lap","item":"https:\/\/greneco.hu\/"},{"@type":"ListItem","position":2,"name":"Kapcsolat Agora Kft"}]},{"@type":"WebSite","@id":"https:\/\/greneco.hu\/#website","url":"https:\/\/greneco.hu\/","name":"Agora Kft - Greneco Kft","description":"","potentialAction":[{"@type":"SearchAction","target":{"@type":"EntryPoint","urlTemplate":"https:\/\/greneco.hu\/?s={search_term_string}"},"query-input":{"@type":"PropertyValueSpecification","valueRequired":true,"valueName":"search_term_string"}}],"inLanguage":"en-GB"}]}},"_links":{"self":[{"href":"https:\/\/greneco.hu\/en\/wp-json\/wp\/v2\/pages\/181","targetHints":{"allow":["GET"]}}],"collection":[{"href":"https:\/\/greneco.hu\/en\/wp-json\/wp\/v2\/pages"}],"about":[{"href":"https:\/\/greneco.hu\/en\/wp-json\/wp\/v2\/types\/page"}],"author":[{"embeddable":true,"href":"https:\/\/greneco.hu\/en\/wp-json\/wp\/v2\/users\/1"}],"replies":[{"embeddable":true,"href":"https:\/\/greneco.hu\/en\/wp-json\/wp\/v2\/comments?post=181"}],"version-history":[{"count":55,"href":"https:\/\/greneco.hu\/en\/wp-json\/wp\/v2\/pages\/181\/revisions"}],"predecessor-version":[{"id":1458,"href":"https:\/\/greneco.hu\/en\/wp-json\/wp\/v2\/pages\/181\/revisions\/1458"}],"wp:attachment":[{"href":"https:\/\/greneco.hu\/en\/wp-json\/wp\/v2\/media?parent=181"}],"curies":[{"name":"wp","href":"https:\/\/api.w.org\/{rel}","templated":true}]}}