{"id":177,"date":"2024-05-08T14:19:25","date_gmt":"2024-05-08T12:19:25","guid":{"rendered":"https:\/\/greneco.hu\/?page_id=177"},"modified":"2024-08-08T08:42:45","modified_gmt":"2024-08-08T06:42:45","slug":"agora-kft-tanusitvanyok","status":"publish","type":"page","link":"https:\/\/greneco.hu\/hr\/agora-kft-tanusitvanyok\/","title":{"rendered":"Agora Kft Tan\u00fas\u00edtv\u00e1nyok"},"content":{"rendered":"<div data-elementor-type=\"wp-page\" data-elementor-id=\"177\" class=\"elementor elementor-177\" data-elementor-post-type=\"page\">\n\t\t\t\t\t\t<section class=\"elementor-section elementor-top-section elementor-element elementor-element-e97cf39 elementor-section-full_width elementor-section-height-default elementor-section-height-default\" data-id=\"e97cf39\" data-element_type=\"section\" data-e-type=\"section\">\n\t\t\t\t\t\t<div class=\"elementor-container elementor-column-gap-no\">\n\t\t\t\t\t<div class=\"elementor-column elementor-col-100 elementor-top-column elementor-element elementor-element-5e9a38a\" data-id=\"5e9a38a\" data-element_type=\"column\" data-e-type=\"column\">\n\t\t\t<div class=\"elementor-widget-wrap elementor-element-populated\">\n\t\t\t\t\t\t<div class=\"elementor-element elementor-element-063c236 elementor--h-position-center elementor--v-position-middle elementor-arrows-position-inside elementor-pagination-position-inside elementor-widget elementor-widget-slides\" data-id=\"063c236\" data-element_type=\"widget\" data-e-type=\"widget\" data-settings=\"{&quot;navigation&quot;:&quot;both&quot;,&quot;autoplay&quot;:&quot;yes&quot;,&quot;pause_on_hover&quot;:&quot;yes&quot;,&quot;pause_on_interaction&quot;:&quot;yes&quot;,&quot;autoplay_speed&quot;:5000,&quot;infinite&quot;:&quot;yes&quot;,&quot;transition&quot;:&quot;slide&quot;,&quot;transition_speed&quot;:500}\" data-widget_type=\"slides.default\">\n\t\t\t\t<div class=\"elementor-widget-container\">\n\t\t\t\t\t\t\t\t\t<div class=\"elementor-swiper\">\n\t\t\t\t\t<div class=\"elementor-slides-wrapper elementor-main-swiper swiper\" role=\"region\" aria-roledescription=\"carousel\" aria-label=\"Di\u00e1k\" dir=\"ltr\" data-animation=\"fadeInUp\">\n\t\t\t\t<div class=\"swiper-wrapper elementor-slides\">\n\t\t\t\t\t\t\t\t\t\t<div class=\"elementor-repeater-item-31ccdbe swiper-slide\" role=\"group\" aria-roledescription=\"slide\"><div class=\"swiper-slide-bg\" role=\"img\" aria-label=\"2\"><\/div><div class=\"elementor-background-overlay\"><\/div><div class=\"swiper-slide-inner\" ><div class=\"swiper-slide-contents\"><div class=\"elementor-slide-heading\">\"AGORA\" D.o.o.<\/div><div class=\"elementor-slide-description\">TAN\u00daS\u00cdTV\u00c1NYOK<\/div><\/div><\/div><\/div>\t\t\t\t<\/div>\n\t\t\t\t\t\t\t<\/div>\n\t\t\t\t<\/div>\n\t\t\t\t\t\t\t\t<\/div>\n\t\t\t\t<\/div>\n\t\t\t\t\t<\/div>\n\t\t<\/div>\n\t\t\t\t\t<\/div>\n\t\t<\/section>\n\t\t\t\t<section class=\"elementor-section elementor-top-section elementor-element elementor-element-977b0d7 elementor-section-boxed elementor-section-height-default elementor-section-height-default\" data-id=\"977b0d7\" data-element_type=\"section\" data-e-type=\"section\">\n\t\t\t\t\t\t<div class=\"elementor-container elementor-column-gap-default\">\n\t\t\t\t\t<div class=\"elementor-column elementor-col-50 elementor-top-column elementor-element elementor-element-cb29af2\" data-id=\"cb29af2\" data-element_type=\"column\" data-e-type=\"column\">\n\t\t\t<div class=\"elementor-widget-wrap elementor-element-populated\">\n\t\t\t\t\t\t<div class=\"elementor-element elementor-element-8c87e4e elementor-widget elementor-widget-image\" data-id=\"8c87e4e\" data-element_type=\"widget\" data-e-type=\"widget\" data-widget_type=\"image.default\">\n\t\t\t\t<div class=\"elementor-widget-container\">\n\t\t\t\t\t\t\t\t\t\t\t\t\t\t\t<img fetchpriority=\"high\" decoding=\"async\" width=\"724\" height=\"1024\" src=\"https:\/\/greneco.hu\/wp-content\/uploads\/2024\/05\/AGORA_2655-23_Cimvaltozas-2024_MEBIR-TAN-HUN_AVDH_page-0001-724x1024.jpg\" class=\"attachment-large size-large wp-image-1021\" alt=\"\" srcset=\"https:\/\/greneco.hu\/wp-content\/uploads\/2024\/05\/AGORA_2655-23_Cimvaltozas-2024_MEBIR-TAN-HUN_AVDH_page-0001-724x1024.jpg 724w, https:\/\/greneco.hu\/wp-content\/uploads\/2024\/05\/AGORA_2655-23_Cimvaltozas-2024_MEBIR-TAN-HUN_AVDH_page-0001-212x300.jpg 212w, https:\/\/greneco.hu\/wp-content\/uploads\/2024\/05\/AGORA_2655-23_Cimvaltozas-2024_MEBIR-TAN-HUN_AVDH_page-0001-768x1086.jpg 768w, https:\/\/greneco.hu\/wp-content\/uploads\/2024\/05\/AGORA_2655-23_Cimvaltozas-2024_MEBIR-TAN-HUN_AVDH_page-0001-1086x1536.jpg 1086w, https:\/\/greneco.hu\/wp-content\/uploads\/2024\/05\/AGORA_2655-23_Cimvaltozas-2024_MEBIR-TAN-HUN_AVDH_page-0001-8x12.jpg 8w, https:\/\/greneco.hu\/wp-content\/uploads\/2024\/05\/AGORA_2655-23_Cimvaltozas-2024_MEBIR-TAN-HUN_AVDH_page-0001.jpg 1241w\" sizes=\"(max-width: 724px) 100vw, 724px\" \/>\t\t\t\t\t\t\t\t\t\t\t\t\t\t\t<\/div>\n\t\t\t\t<\/div>\n\t\t\t\t\t<\/div>\n\t\t<\/div>\n\t\t\t\t<div class=\"elementor-column elementor-col-50 elementor-top-column elementor-element elementor-element-cd5cbe6\" data-id=\"cd5cbe6\" data-element_type=\"column\" data-e-type=\"column\">\n\t\t\t<div class=\"elementor-widget-wrap elementor-element-populated\">\n\t\t\t\t\t\t<div class=\"elementor-element elementor-element-7731b48 elementor-widget elementor-widget-image\" data-id=\"7731b48\" data-element_type=\"widget\" data-e-type=\"widget\" data-widget_type=\"image.default\">\n\t\t\t\t<div class=\"elementor-widget-container\">\n\t\t\t\t\t\t\t\t\t\t\t\t\t\t\t<img decoding=\"async\" width=\"724\" height=\"1024\" src=\"https:\/\/greneco.hu\/wp-content\/uploads\/2024\/05\/AGORA_2655-23_Cimvaltozas-2024_MKIR-TAN-HUN_AVDH_page-0001-724x1024.jpg\" class=\"attachment-large size-large wp-image-1022\" alt=\"\" srcset=\"https:\/\/greneco.hu\/wp-content\/uploads\/2024\/05\/AGORA_2655-23_Cimvaltozas-2024_MKIR-TAN-HUN_AVDH_page-0001-724x1024.jpg 724w, https:\/\/greneco.hu\/wp-content\/uploads\/2024\/05\/AGORA_2655-23_Cimvaltozas-2024_MKIR-TAN-HUN_AVDH_page-0001-212x300.jpg 212w, https:\/\/greneco.hu\/wp-content\/uploads\/2024\/05\/AGORA_2655-23_Cimvaltozas-2024_MKIR-TAN-HUN_AVDH_page-0001-768x1086.jpg 768w, https:\/\/greneco.hu\/wp-content\/uploads\/2024\/05\/AGORA_2655-23_Cimvaltozas-2024_MKIR-TAN-HUN_AVDH_page-0001-1086x1536.jpg 1086w, https:\/\/greneco.hu\/wp-content\/uploads\/2024\/05\/AGORA_2655-23_Cimvaltozas-2024_MKIR-TAN-HUN_AVDH_page-0001-8x12.jpg 8w, https:\/\/greneco.hu\/wp-content\/uploads\/2024\/05\/AGORA_2655-23_Cimvaltozas-2024_MKIR-TAN-HUN_AVDH_page-0001.jpg 1241w\" sizes=\"(max-width: 724px) 100vw, 724px\" \/>\t\t\t\t\t\t\t\t\t\t\t\t\t\t\t<\/div>\n\t\t\t\t<\/div>\n\t\t\t\t\t<\/div>\n\t\t<\/div>\n\t\t\t\t\t<\/div>\n\t\t<\/section>\n\t\t\t\t<\/div>","protected":false},"excerpt":{"rendered":"<p>&#8222;AGORA&#8221; KFT.TAN\u00daS\u00cdTV\u00c1NYOK<\/p>","protected":false},"author":1,"featured_media":0,"parent":0,"menu_order":0,"comment_status":"closed","ping_status":"closed","template":"elementor_header_footer","meta":{"footnotes":""},"class_list":["post-177","page","type-page","status-publish","hentry"],"yoast_head":"<!-- This site is optimized with the Yoast SEO plugin v27.3 - https:\/\/yoast.com\/product\/yoast-seo-wordpress\/ -->\n<title>Agora Kft Tan\u00fas\u00edtv\u00e1nyok - Agora Kft - Greneco Kft<\/title>\n<meta name=\"description\" content=\"Az Agora Kft. rendelkezik az ISO 9001, ISO 45001 \u00e9s az ISO 14001 tan\u00fas\u00edtv\u00e1nyokkal. C\u00e9lunk, hogy szolg\u00e1ltat\u00e1sunk \u00e9s v\u00e1llalkoz\u00e1si tev\u00e9kenys\u00e9g\u00fcnk folyamatos fejleszt\u00e9s\u00e9vel magasabb min\u0151s\u00e9gi, k\u00f6rnyezeti \u00e9s biztons\u00e1gi k\u00f6vetelm\u00e9nyeknek is megfelelj\u00fcnk, s ennek r\u00e9v\u00e9n versenyk\u00e9pess\u00e9g\u00fcnket jav\u00edtsuk, \u00e9s a vev\u0151k\u00f6r\u00fcnket b\u0151v\u00edts\u00fck.\" \/>\n<meta name=\"robots\" content=\"index, follow, max-snippet:-1, max-image-preview:large, max-video-preview:-1\" \/>\n<link rel=\"canonical\" href=\"https:\/\/greneco.hu\/hr\/agora-kft-tanusitvanyok\/\" \/>\n<meta property=\"og:locale\" content=\"hr_HR\" \/>\n<meta property=\"og:type\" content=\"article\" \/>\n<meta property=\"og:title\" content=\"Agora Kft Tan\u00fas\u00edtv\u00e1nyok - Agora Kft - Greneco Kft\" \/>\n<meta property=\"og:description\" content=\"Az Agora Kft. rendelkezik az ISO 9001, ISO 45001 \u00e9s az ISO 14001 tan\u00fas\u00edtv\u00e1nyokkal. C\u00e9lunk, hogy szolg\u00e1ltat\u00e1sunk \u00e9s v\u00e1llalkoz\u00e1si tev\u00e9kenys\u00e9g\u00fcnk folyamatos fejleszt\u00e9s\u00e9vel magasabb min\u0151s\u00e9gi, k\u00f6rnyezeti \u00e9s biztons\u00e1gi k\u00f6vetelm\u00e9nyeknek is megfelelj\u00fcnk, s ennek r\u00e9v\u00e9n versenyk\u00e9pess\u00e9g\u00fcnket jav\u00edtsuk, \u00e9s a vev\u0151k\u00f6r\u00fcnket b\u0151v\u00edts\u00fck.\" \/>\n<meta property=\"og:url\" content=\"https:\/\/greneco.hu\/hr\/agora-kft-tanusitvanyok\/\" \/>\n<meta property=\"og:site_name\" content=\"Agora Kft - Greneco Kft\" \/>\n<meta property=\"article:modified_time\" content=\"2024-08-08T06:42:45+00:00\" \/>\n<meta property=\"og:image\" content=\"https:\/\/greneco.hu\/wp-content\/uploads\/2024\/05\/AGORA_2655-23_Cimvaltozas-2024_MEBIR-TAN-HUN_AVDH_page-0001-724x1024.jpg\" \/>\n<meta name=\"twitter:card\" content=\"summary_large_image\" \/>\n<meta name=\"twitter:label1\" content=\"Procijenjeno vrijeme \u010ditanja\" \/>\n\t<meta name=\"twitter:data1\" content=\"1 minuta\" \/>\n<script type=\"application\/ld+json\" class=\"yoast-schema-graph\">{\"@context\":\"https:\\\/\\\/schema.org\",\"@graph\":[{\"@type\":\"WebPage\",\"@id\":\"https:\\\/\\\/greneco.hu\\\/agora-kft-tanusitvanyok\\\/\",\"url\":\"https:\\\/\\\/greneco.hu\\\/agora-kft-tanusitvanyok\\\/\",\"name\":\"Agora Kft Tan\u00fas\u00edtv\u00e1nyok - Agora Kft - Greneco Kft\",\"isPartOf\":{\"@id\":\"https:\\\/\\\/greneco.hu\\\/#website\"},\"primaryImageOfPage\":{\"@id\":\"https:\\\/\\\/greneco.hu\\\/agora-kft-tanusitvanyok\\\/#primaryimage\"},\"image\":{\"@id\":\"https:\\\/\\\/greneco.hu\\\/agora-kft-tanusitvanyok\\\/#primaryimage\"},\"thumbnailUrl\":\"https:\\\/\\\/greneco.hu\\\/wp-content\\\/uploads\\\/2024\\\/05\\\/AGORA_2655-23_Cimvaltozas-2024_MEBIR-TAN-HUN_AVDH_page-0001-724x1024.jpg\",\"datePublished\":\"2024-05-08T12:19:25+00:00\",\"dateModified\":\"2024-08-08T06:42:45+00:00\",\"description\":\"Az Agora Kft. rendelkezik az ISO 9001, ISO 45001 \u00e9s az ISO 14001 tan\u00fas\u00edtv\u00e1nyokkal. C\u00e9lunk, hogy szolg\u00e1ltat\u00e1sunk \u00e9s v\u00e1llalkoz\u00e1si tev\u00e9kenys\u00e9g\u00fcnk folyamatos fejleszt\u00e9s\u00e9vel magasabb min\u0151s\u00e9gi, k\u00f6rnyezeti \u00e9s biztons\u00e1gi k\u00f6vetelm\u00e9nyeknek is megfelelj\u00fcnk, s ennek r\u00e9v\u00e9n versenyk\u00e9pess\u00e9g\u00fcnket jav\u00edtsuk, \u00e9s a vev\u0151k\u00f6r\u00fcnket b\u0151v\u00edts\u00fck.\",\"breadcrumb\":{\"@id\":\"https:\\\/\\\/greneco.hu\\\/agora-kft-tanusitvanyok\\\/#breadcrumb\"},\"inLanguage\":\"hr\",\"potentialAction\":[{\"@type\":\"ReadAction\",\"target\":[\"https:\\\/\\\/greneco.hu\\\/agora-kft-tanusitvanyok\\\/\"]}]},{\"@type\":\"ImageObject\",\"inLanguage\":\"hr\",\"@id\":\"https:\\\/\\\/greneco.hu\\\/agora-kft-tanusitvanyok\\\/#primaryimage\",\"url\":\"https:\\\/\\\/greneco.hu\\\/wp-content\\\/uploads\\\/2024\\\/05\\\/AGORA_2655-23_Cimvaltozas-2024_MEBIR-TAN-HUN_AVDH_page-0001-724x1024.jpg\",\"contentUrl\":\"https:\\\/\\\/greneco.hu\\\/wp-content\\\/uploads\\\/2024\\\/05\\\/AGORA_2655-23_Cimvaltozas-2024_MEBIR-TAN-HUN_AVDH_page-0001-724x1024.jpg\"},{\"@type\":\"BreadcrumbList\",\"@id\":\"https:\\\/\\\/greneco.hu\\\/agora-kft-tanusitvanyok\\\/#breadcrumb\",\"itemListElement\":[{\"@type\":\"ListItem\",\"position\":1,\"name\":\"Kezd\u0151lap\",\"item\":\"https:\\\/\\\/greneco.hu\\\/\"},{\"@type\":\"ListItem\",\"position\":2,\"name\":\"Agora Kft Tan\u00fas\u00edtv\u00e1nyok\"}]},{\"@type\":\"WebSite\",\"@id\":\"https:\\\/\\\/greneco.hu\\\/#website\",\"url\":\"https:\\\/\\\/greneco.hu\\\/\",\"name\":\"Agora Kft - Greneco Kft\",\"description\":\"\",\"potentialAction\":[{\"@type\":\"SearchAction\",\"target\":{\"@type\":\"EntryPoint\",\"urlTemplate\":\"https:\\\/\\\/greneco.hu\\\/?s={search_term_string}\"},\"query-input\":{\"@type\":\"PropertyValueSpecification\",\"valueRequired\":true,\"valueName\":\"search_term_string\"}}],\"inLanguage\":\"hr\"}]}<\/script>\n<!-- \/ Yoast SEO plugin. -->","yoast_head_json":{"title":"Agora Kft Tan\u00fas\u00edtv\u00e1nyok - Agora Kft - Greneco Kft","description":"Az Agora Kft. rendelkezik az ISO 9001, ISO 45001 \u00e9s az ISO 14001 tan\u00fas\u00edtv\u00e1nyokkal. C\u00e9lunk, hogy szolg\u00e1ltat\u00e1sunk \u00e9s v\u00e1llalkoz\u00e1si tev\u00e9kenys\u00e9g\u00fcnk folyamatos fejleszt\u00e9s\u00e9vel magasabb min\u0151s\u00e9gi, k\u00f6rnyezeti \u00e9s biztons\u00e1gi k\u00f6vetelm\u00e9nyeknek is megfelelj\u00fcnk, s ennek r\u00e9v\u00e9n versenyk\u00e9pess\u00e9g\u00fcnket jav\u00edtsuk, \u00e9s a vev\u0151k\u00f6r\u00fcnket b\u0151v\u00edts\u00fck.","robots":{"index":"index","follow":"follow","max-snippet":"max-snippet:-1","max-image-preview":"max-image-preview:large","max-video-preview":"max-video-preview:-1"},"canonical":"https:\/\/greneco.hu\/hr\/agora-kft-tanusitvanyok\/","og_locale":"hr_HR","og_type":"article","og_title":"Agora Kft Tan\u00fas\u00edtv\u00e1nyok - Agora Kft - Greneco Kft","og_description":"Az Agora Kft. rendelkezik az ISO 9001, ISO 45001 \u00e9s az ISO 14001 tan\u00fas\u00edtv\u00e1nyokkal. C\u00e9lunk, hogy szolg\u00e1ltat\u00e1sunk \u00e9s v\u00e1llalkoz\u00e1si tev\u00e9kenys\u00e9g\u00fcnk folyamatos fejleszt\u00e9s\u00e9vel magasabb min\u0151s\u00e9gi, k\u00f6rnyezeti \u00e9s biztons\u00e1gi k\u00f6vetelm\u00e9nyeknek is megfelelj\u00fcnk, s ennek r\u00e9v\u00e9n versenyk\u00e9pess\u00e9g\u00fcnket jav\u00edtsuk, \u00e9s a vev\u0151k\u00f6r\u00fcnket b\u0151v\u00edts\u00fck.","og_url":"https:\/\/greneco.hu\/hr\/agora-kft-tanusitvanyok\/","og_site_name":"Agora Kft - Greneco Kft","article_modified_time":"2024-08-08T06:42:45+00:00","og_image":[{"url":"https:\/\/greneco.hu\/wp-content\/uploads\/2024\/05\/AGORA_2655-23_Cimvaltozas-2024_MEBIR-TAN-HUN_AVDH_page-0001-724x1024.jpg","type":"","width":"","height":""}],"twitter_card":"summary_large_image","twitter_misc":{"Procijenjeno vrijeme \u010ditanja":"1 minuta"},"schema":{"@context":"https:\/\/schema.org","@graph":[{"@type":"WebPage","@id":"https:\/\/greneco.hu\/agora-kft-tanusitvanyok\/","url":"https:\/\/greneco.hu\/agora-kft-tanusitvanyok\/","name":"Agora Kft Tan\u00fas\u00edtv\u00e1nyok - Agora Kft - Greneco Kft","isPartOf":{"@id":"https:\/\/greneco.hu\/#website"},"primaryImageOfPage":{"@id":"https:\/\/greneco.hu\/agora-kft-tanusitvanyok\/#primaryimage"},"image":{"@id":"https:\/\/greneco.hu\/agora-kft-tanusitvanyok\/#primaryimage"},"thumbnailUrl":"https:\/\/greneco.hu\/wp-content\/uploads\/2024\/05\/AGORA_2655-23_Cimvaltozas-2024_MEBIR-TAN-HUN_AVDH_page-0001-724x1024.jpg","datePublished":"2024-05-08T12:19:25+00:00","dateModified":"2024-08-08T06:42:45+00:00","description":"Az Agora Kft. rendelkezik az ISO 9001, ISO 45001 \u00e9s az ISO 14001 tan\u00fas\u00edtv\u00e1nyokkal. C\u00e9lunk, hogy szolg\u00e1ltat\u00e1sunk \u00e9s v\u00e1llalkoz\u00e1si tev\u00e9kenys\u00e9g\u00fcnk folyamatos fejleszt\u00e9s\u00e9vel magasabb min\u0151s\u00e9gi, k\u00f6rnyezeti \u00e9s biztons\u00e1gi k\u00f6vetelm\u00e9nyeknek is megfelelj\u00fcnk, s ennek r\u00e9v\u00e9n versenyk\u00e9pess\u00e9g\u00fcnket jav\u00edtsuk, \u00e9s a vev\u0151k\u00f6r\u00fcnket b\u0151v\u00edts\u00fck.","breadcrumb":{"@id":"https:\/\/greneco.hu\/agora-kft-tanusitvanyok\/#breadcrumb"},"inLanguage":"hr","potentialAction":[{"@type":"ReadAction","target":["https:\/\/greneco.hu\/agora-kft-tanusitvanyok\/"]}]},{"@type":"ImageObject","inLanguage":"hr","@id":"https:\/\/greneco.hu\/agora-kft-tanusitvanyok\/#primaryimage","url":"https:\/\/greneco.hu\/wp-content\/uploads\/2024\/05\/AGORA_2655-23_Cimvaltozas-2024_MEBIR-TAN-HUN_AVDH_page-0001-724x1024.jpg","contentUrl":"https:\/\/greneco.hu\/wp-content\/uploads\/2024\/05\/AGORA_2655-23_Cimvaltozas-2024_MEBIR-TAN-HUN_AVDH_page-0001-724x1024.jpg"},{"@type":"BreadcrumbList","@id":"https:\/\/greneco.hu\/agora-kft-tanusitvanyok\/#breadcrumb","itemListElement":[{"@type":"ListItem","position":1,"name":"Kezd\u0151lap","item":"https:\/\/greneco.hu\/"},{"@type":"ListItem","position":2,"name":"Agora Kft Tan\u00fas\u00edtv\u00e1nyok"}]},{"@type":"WebSite","@id":"https:\/\/greneco.hu\/#website","url":"https:\/\/greneco.hu\/","name":"Agora Kft - Greneco Kft","description":"","potentialAction":[{"@type":"SearchAction","target":{"@type":"EntryPoint","urlTemplate":"https:\/\/greneco.hu\/?s={search_term_string}"},"query-input":{"@type":"PropertyValueSpecification","valueRequired":true,"valueName":"search_term_string"}}],"inLanguage":"hr"}]}},"_links":{"self":[{"href":"https:\/\/greneco.hu\/hr\/wp-json\/wp\/v2\/pages\/177","targetHints":{"allow":["GET"]}}],"collection":[{"href":"https:\/\/greneco.hu\/hr\/wp-json\/wp\/v2\/pages"}],"about":[{"href":"https:\/\/greneco.hu\/hr\/wp-json\/wp\/v2\/types\/page"}],"author":[{"embeddable":true,"href":"https:\/\/greneco.hu\/hr\/wp-json\/wp\/v2\/users\/1"}],"replies":[{"embeddable":true,"href":"https:\/\/greneco.hu\/hr\/wp-json\/wp\/v2\/comments?post=177"}],"version-history":[{"count":19,"href":"https:\/\/greneco.hu\/hr\/wp-json\/wp\/v2\/pages\/177\/revisions"}],"predecessor-version":[{"id":1379,"href":"https:\/\/greneco.hu\/hr\/wp-json\/wp\/v2\/pages\/177\/revisions\/1379"}],"wp:attachment":[{"href":"https:\/\/greneco.hu\/hr\/wp-json\/wp\/v2\/media?parent=177"}],"curies":[{"name":"wp","href":"https:\/\/api.w.org\/{rel}","templated":true}]}}