{"id":183,"date":"2024-05-08T14:20:45","date_gmt":"2024-05-08T12:20:45","guid":{"rendered":"https:\/\/greneco.hu\/?page_id=183"},"modified":"2024-08-08T09:24:31","modified_gmt":"2024-08-08T07:24:31","slug":"kapcsolat-greneco-kft","status":"publish","type":"page","link":"https:\/\/greneco.hu\/hr\/kapcsolat-greneco-kft\/","title":{"rendered":"Kapcsolat Greneco Kft"},"content":{"rendered":"<div data-elementor-type=\"wp-page\" data-elementor-id=\"183\" class=\"elementor elementor-183\" data-elementor-post-type=\"page\">\n\t\t\t\t\t\t<section class=\"elementor-section elementor-top-section elementor-element elementor-element-78d70a4 elementor-section-full_width elementor-section-height-default elementor-section-height-default\" data-id=\"78d70a4\" data-element_type=\"section\" data-e-type=\"section\">\n\t\t\t\t\t\t<div class=\"elementor-container elementor-column-gap-no\">\n\t\t\t\t\t<div class=\"elementor-column elementor-col-100 elementor-top-column elementor-element elementor-element-34bb3f8\" data-id=\"34bb3f8\" data-element_type=\"column\" data-e-type=\"column\">\n\t\t\t<div class=\"elementor-widget-wrap elementor-element-populated\">\n\t\t\t\t\t\t<div class=\"elementor-element elementor-element-203328d elementor--h-position-center elementor--v-position-middle elementor-arrows-position-inside elementor-pagination-position-inside elementor-widget elementor-widget-slides\" data-id=\"203328d\" data-element_type=\"widget\" data-e-type=\"widget\" data-settings=\"{&quot;navigation&quot;:&quot;both&quot;,&quot;autoplay&quot;:&quot;yes&quot;,&quot;pause_on_hover&quot;:&quot;yes&quot;,&quot;pause_on_interaction&quot;:&quot;yes&quot;,&quot;autoplay_speed&quot;:5000,&quot;infinite&quot;:&quot;yes&quot;,&quot;transition&quot;:&quot;slide&quot;,&quot;transition_speed&quot;:500}\" data-widget_type=\"slides.default\">\n\t\t\t\t<div class=\"elementor-widget-container\">\n\t\t\t\t\t\t\t\t\t<div class=\"elementor-swiper\">\n\t\t\t\t\t<div class=\"elementor-slides-wrapper elementor-main-swiper swiper\" role=\"region\" aria-roledescription=\"carousel\" aria-label=\"Di\u00e1k\" dir=\"ltr\" data-animation=\"fadeInUp\">\n\t\t\t\t<div class=\"swiper-wrapper elementor-slides\">\n\t\t\t\t\t\t\t\t\t\t<div class=\"elementor-repeater-item-31ccdbe swiper-slide\" role=\"group\" aria-roledescription=\"slide\"><div class=\"swiper-slide-bg\" role=\"img\" aria-label=\"2\"><\/div><div class=\"elementor-background-overlay\"><\/div><div class=\"swiper-slide-inner\" ><div class=\"swiper-slide-contents\"><div class=\"elementor-slide-heading\">GRENECO D.o.o<\/div><div class=\"elementor-slide-description\">ODNOS<\/div><\/div><\/div><\/div>\t\t\t\t<\/div>\n\t\t\t\t\t\t\t<\/div>\n\t\t\t\t<\/div>\n\t\t\t\t\t\t\t\t<\/div>\n\t\t\t\t<\/div>\n\t\t\t\t\t<\/div>\n\t\t<\/div>\n\t\t\t\t\t<\/div>\n\t\t<\/section>\n\t\t\t\t<section class=\"elementor-section elementor-top-section elementor-element elementor-element-b3ef460 elementor-section-boxed elementor-section-height-default elementor-section-height-default\" data-id=\"b3ef460\" data-element_type=\"section\" data-e-type=\"section\">\n\t\t\t\t\t\t\t<div class=\"elementor-background-overlay\"><\/div>\n\t\t\t\t\t\t\t<div class=\"elementor-container elementor-column-gap-default\">\n\t\t\t\t\t<div class=\"elementor-column elementor-col-100 elementor-top-column elementor-element elementor-element-1413b3b\" data-id=\"1413b3b\" data-element_type=\"column\" data-e-type=\"column\">\n\t\t\t<div class=\"elementor-widget-wrap elementor-element-populated\">\n\t\t\t\t\t\t<div class=\"elementor-element elementor-element-d1af1ae elementor-widget__width-initial elementor-widget elementor-widget-image\" data-id=\"d1af1ae\" data-element_type=\"widget\" data-e-type=\"widget\" data-widget_type=\"image.default\">\n\t\t\t\t<div class=\"elementor-widget-container\">\n\t\t\t\t\t\t\t\t\t\t\t\t\t\t\t<img fetchpriority=\"high\" decoding=\"async\" width=\"800\" height=\"205\" src=\"https:\/\/greneco.hu\/wp-content\/uploads\/2024\/05\/logoGR-1024x263.webp\" class=\"attachment-large size-large wp-image-28\" alt=\"\" srcset=\"https:\/\/greneco.hu\/wp-content\/uploads\/2024\/05\/logoGR-1024x263.webp 1024w, https:\/\/greneco.hu\/wp-content\/uploads\/2024\/05\/logoGR-300x77.webp 300w, https:\/\/greneco.hu\/wp-content\/uploads\/2024\/05\/logoGR-768x197.webp 768w, https:\/\/greneco.hu\/wp-content\/uploads\/2024\/05\/logoGR-1536x395.webp 1536w, https:\/\/greneco.hu\/wp-content\/uploads\/2024\/05\/logoGR-2048x527.webp 2048w\" sizes=\"(max-width: 800px) 100vw, 800px\" \/>\t\t\t\t\t\t\t\t\t\t\t\t\t\t\t<\/div>\n\t\t\t\t<\/div>\n\t\t\t\t<div class=\"elementor-element elementor-element-34ef75e elementor-mobile-align-center elementor-align-center elementor-icon-list--layout-traditional elementor-list-item-link-full_width elementor-widget elementor-widget-icon-list\" data-id=\"34ef75e\" data-element_type=\"widget\" data-e-type=\"widget\" data-widget_type=\"icon-list.default\">\n\t\t\t\t<div class=\"elementor-widget-container\">\n\t\t\t\t\t\t\t<ul class=\"elementor-icon-list-items\">\n\t\t\t\t\t\t\t<li class=\"elementor-icon-list-item\">\n\t\t\t\t\t\t\t\t\t\t\t<span class=\"elementor-icon-list-icon\">\n\t\t\t\t\t\t\t<svg aria-hidden=\"true\" class=\"e-font-icon-svg e-fas-map-marker-alt\" viewbox=\"0 0 384 512\" xmlns=\"http:\/\/www.w3.org\/2000\/svg\"><path d=\"M172.268 501.67C26.97 291.031 0 269.413 0 192 0 85.961 85.961 0 192 0s192 85.961 192 192c0 77.413-26.97 99.031-172.268 309.67-9.535 13.774-29.93 13.773-39.464 0zM192 272c44.183 0 80-35.817 80-80s-35.817-80-80-80-80 35.817-80 80 35.817 80 80 80z\"><\/path><\/svg>\t\t\t\t\t\t<\/span>\n\t\t\t\t\t\t\t\t\t\t<span class=\"elementor-icon-list-text\">Budapest, Bojt\u00e1r u. 50<\/span>\n\t\t\t\t\t\t\t\t\t<\/li>\n\t\t\t\t\t\t\t\t<li class=\"elementor-icon-list-item\">\n\t\t\t\t\t\t\t\t\t\t\t<span class=\"elementor-icon-list-icon\">\n\t\t\t\t\t\t\t<svg aria-hidden=\"true\" class=\"e-font-icon-svg e-fas-clipboard-list\" viewbox=\"0 0 384 512\" xmlns=\"http:\/\/www.w3.org\/2000\/svg\"><path d=\"M336 64h-80c0-35.3-28.7-64-64-64s-64 28.7-64 64H48C21.5 64 0 85.5 0 112v352c0 26.5 21.5 48 48 48h288c26.5 0 48-21.5 48-48V112c0-26.5-21.5-48-48-48zM96 424c-13.3 0-24-10.7-24-24s10.7-24 24-24 24 10.7 24 24-10.7 24-24 24zm0-96c-13.3 0-24-10.7-24-24s10.7-24 24-24 24 10.7 24 24-10.7 24-24 24zm0-96c-13.3 0-24-10.7-24-24s10.7-24 24-24 24 10.7 24 24-10.7 24-24 24zm96-192c13.3 0 24 10.7 24 24s-10.7 24-24 24-24-10.7-24-24 10.7-24 24-24zm128 368c0 4.4-3.6 8-8 8H168c-4.4 0-8-3.6-8-8v-16c0-4.4 3.6-8 8-8h144c4.4 0 8 3.6 8 8v16zm0-96c0 4.4-3.6 8-8 8H168c-4.4 0-8-3.6-8-8v-16c0-4.4 3.6-8 8-8h144c4.4 0 8 3.6 8 8v16zm0-96c0 4.4-3.6 8-8 8H168c-4.4 0-8-3.6-8-8v-16c0-4.4 3.6-8 8-8h144c4.4 0 8 3.6 8 8v16z\"><\/path><\/svg>\t\t\t\t\t\t<\/span>\n\t\t\t\t\t\t\t\t\t\t<span class=\"elementor-icon-list-text\">Mati\u010dni broj tvrtke: 01-09-947528<\/span>\n\t\t\t\t\t\t\t\t\t<\/li>\n\t\t\t\t\t\t\t\t<li class=\"elementor-icon-list-item\">\n\t\t\t\t\t\t\t\t\t\t\t<span class=\"elementor-icon-list-icon\">\n\t\t\t\t\t\t\t<svg aria-hidden=\"true\" class=\"e-font-icon-svg e-fas-clipboard-list\" viewbox=\"0 0 384 512\" xmlns=\"http:\/\/www.w3.org\/2000\/svg\"><path d=\"M336 64h-80c0-35.3-28.7-64-64-64s-64 28.7-64 64H48C21.5 64 0 85.5 0 112v352c0 26.5 21.5 48 48 48h288c26.5 0 48-21.5 48-48V112c0-26.5-21.5-48-48-48zM96 424c-13.3 0-24-10.7-24-24s10.7-24 24-24 24 10.7 24 24-10.7 24-24 24zm0-96c-13.3 0-24-10.7-24-24s10.7-24 24-24 24 10.7 24 24-10.7 24-24 24zm0-96c-13.3 0-24-10.7-24-24s10.7-24 24-24 24 10.7 24 24-10.7 24-24 24zm96-192c13.3 0 24 10.7 24 24s-10.7 24-24 24-24-10.7-24-24 10.7-24 24-24zm128 368c0 4.4-3.6 8-8 8H168c-4.4 0-8-3.6-8-8v-16c0-4.4 3.6-8 8-8h144c4.4 0 8 3.6 8 8v16zm0-96c0 4.4-3.6 8-8 8H168c-4.4 0-8-3.6-8-8v-16c0-4.4 3.6-8 8-8h144c4.4 0 8 3.6 8 8v16zm0-96c0 4.4-3.6 8-8 8H168c-4.4 0-8-3.6-8-8v-16c0-4.4 3.6-8 8-8h144c4.4 0 8 3.6 8 8v16z\"><\/path><\/svg>\t\t\t\t\t\t<\/span>\n\t\t\t\t\t\t\t\t\t\t<span class=\"elementor-icon-list-text\">Porezni broj: 22980993-2-41<\/span>\n\t\t\t\t\t\t\t\t\t<\/li>\n\t\t\t\t\t\t\t\t<li class=\"elementor-icon-list-item\">\n\t\t\t\t\t\t\t\t\t\t\t<span class=\"elementor-icon-list-icon\">\n\t\t\t\t\t\t\t<svg aria-hidden=\"true\" class=\"e-font-icon-svg e-fas-phone-alt\" viewbox=\"0 0 512 512\" xmlns=\"http:\/\/www.w3.org\/2000\/svg\"><path d=\"M497.39 361.8l-112-48a24 24 0 0 0-28 6.9l-49.6 60.6A370.66 370.66 0 0 1 130.6 204.11l60.6-49.6a23.94 23.94 0 0 0 6.9-28l-48-112A24.16 24.16 0 0 0 122.6.61l-104 24A24 24 0 0 0 0 48c0 256.5 207.9 464 464 464a24 24 0 0 0 23.4-18.6l24-104a24.29 24.29 0 0 0-14.01-27.6z\"><\/path><\/svg>\t\t\t\t\t\t<\/span>\n\t\t\t\t\t\t\t\t\t\t<span class=\"elementor-icon-list-text\">+36 20 235 6475<\/span>\n\t\t\t\t\t\t\t\t\t<\/li>\n\t\t\t\t\t\t\t\t<li class=\"elementor-icon-list-item\">\n\t\t\t\t\t\t\t\t\t\t\t<span class=\"elementor-icon-list-icon\">\n\t\t\t\t\t\t\t<svg aria-hidden=\"true\" class=\"e-font-icon-svg e-far-envelope\" viewbox=\"0 0 512 512\" xmlns=\"http:\/\/www.w3.org\/2000\/svg\"><path d=\"M464 64H48C21.49 64 0 85.49 0 112v288c0 26.51 21.49 48 48 48h416c26.51 0 48-21.49 48-48V112c0-26.51-21.49-48-48-48zm0 48v40.805c-22.422 18.259-58.168 46.651-134.587 106.49-16.841 13.247-50.201 45.072-73.413 44.701-23.208.375-56.579-31.459-73.413-44.701C106.18 199.465 70.425 171.067 48 152.805V112h416zM48 400V214.398c22.914 18.251 55.409 43.862 104.938 82.646 21.857 17.205 60.134 55.186 103.062 54.955 42.717.231 80.509-37.199 103.053-54.947 49.528-38.783 82.032-64.401 104.947-82.653V400H48z\"><\/path><\/svg>\t\t\t\t\t\t<\/span>\n\t\t\t\t\t\t\t\t\t\t<span class=\"elementor-icon-list-text\">greneco@greneco.hu<\/span>\n\t\t\t\t\t\t\t\t\t<\/li>\n\t\t\t\t\t\t<\/ul>\n\t\t\t\t\t\t<\/div>\n\t\t\t\t<\/div>\n\t\t\t\t\t<\/div>\n\t\t<\/div>\n\t\t\t\t\t<\/div>\n\t\t<\/section>\n\t\t\t\t<section class=\"elementor-section elementor-top-section elementor-element elementor-element-5ddf191 elementor-section-full_width elementor-section-height-default elementor-section-height-default\" data-id=\"5ddf191\" data-element_type=\"section\" data-e-type=\"section\">\n\t\t\t\t\t\t<div class=\"elementor-container elementor-column-gap-no\">\n\t\t\t\t\t<div class=\"elementor-column elementor-col-100 elementor-top-column elementor-element elementor-element-6390e53\" data-id=\"6390e53\" data-element_type=\"column\" data-e-type=\"column\">\n\t\t\t<div class=\"elementor-widget-wrap elementor-element-populated\">\n\t\t\t\t\t\t<div class=\"elementor-element elementor-element-615d3dd elementor-widget elementor-widget-google_maps\" data-id=\"615d3dd\" data-element_type=\"widget\" data-e-type=\"widget\" data-widget_type=\"google_maps.default\">\n\t\t\t\t<div class=\"elementor-widget-container\">\n\t\t\t\t\t\t\t<div class=\"elementor-custom-embed\">\n\t\t\t<iframe loading=\"lazy\"\n\t\t\t\t\tsrc=\"https:\/\/maps.google.com\/maps?q=greneco%20Kft%20Budapest%2C%20Bojt%C3%A1r%20%2050&#038;t=m&#038;z=12&#038;output=embed&#038;iwloc=near\"\n\t\t\t\t\ttitle=\"greneco Kft Budapest, Bojt\u00e1r  50\"\n\t\t\t\t\taria-label=\"greneco Kft Budapest, Bojt\u00e1r  50\"\n\t\t\t><\/iframe>\n\t\t<\/div>\n\t\t\t\t\t\t<\/div>\n\t\t\t\t<\/div>\n\t\t\t\t\t<\/div>\n\t\t<\/div>\n\t\t\t\t\t<\/div>\n\t\t<\/section>\n\t\t\t\t<\/div>","protected":false},"excerpt":{"rendered":"<p>GRENECO KFT.KAPCSOLAT Budapest, Bojt\u00e1r u. 50 C\u00e9gjegyz\u00e9ksz\u00e1m: 01-09-947528 Ad\u00f3sz\u00e1m: 22980993-2-41 +36 20 235 6475 greneco@greneco.hu<\/p>","protected":false},"author":1,"featured_media":0,"parent":0,"menu_order":0,"comment_status":"closed","ping_status":"closed","template":"elementor_header_footer","meta":{"footnotes":""},"class_list":["post-183","page","type-page","status-publish","hentry"],"yoast_head":"<!-- This site is optimized with the Yoast SEO plugin v27.3 - https:\/\/yoast.com\/product\/yoast-seo-wordpress\/ -->\n<title>Kapcsolat Greneco Kft - Agora Kft - Greneco Kft<\/title>\n<meta name=\"description\" content=\"Greneco Kft-Kapcsolat-El\u00e9rhet\u0151s\u00e9g - Greneco \u00c1ltal\u00e1nos \u00c9p\u00edt\u0151ipari, M\u00e9rn\u00f6ki \u00e9s Energetikai Szolg\u00e1ltat\u00f3 Kft 1037 Budapest, Bojt\u00e1r u. 50.\" \/>\n<meta name=\"robots\" content=\"index, follow, max-snippet:-1, max-image-preview:large, max-video-preview:-1\" \/>\n<link rel=\"canonical\" href=\"https:\/\/greneco.hu\/hr\/kapcsolat-greneco-kft\/\" \/>\n<meta property=\"og:locale\" content=\"hr_HR\" \/>\n<meta property=\"og:type\" content=\"article\" \/>\n<meta property=\"og:title\" content=\"Kapcsolat Greneco Kft - Agora Kft - Greneco Kft\" \/>\n<meta property=\"og:description\" content=\"Greneco Kft-Kapcsolat-El\u00e9rhet\u0151s\u00e9g - Greneco \u00c1ltal\u00e1nos \u00c9p\u00edt\u0151ipari, M\u00e9rn\u00f6ki \u00e9s Energetikai Szolg\u00e1ltat\u00f3 Kft 1037 Budapest, Bojt\u00e1r u. 50.\" \/>\n<meta property=\"og:url\" content=\"https:\/\/greneco.hu\/hr\/kapcsolat-greneco-kft\/\" \/>\n<meta property=\"og:site_name\" content=\"Agora Kft - Greneco Kft\" \/>\n<meta property=\"article:modified_time\" content=\"2024-08-08T07:24:31+00:00\" \/>\n<meta property=\"og:image\" content=\"https:\/\/greneco.hu\/wp-content\/uploads\/2024\/05\/logoGR-1024x263.webp\" \/>\n<meta name=\"twitter:card\" content=\"summary_large_image\" \/>\n<meta name=\"twitter:label1\" content=\"Procijenjeno vrijeme \u010ditanja\" \/>\n\t<meta name=\"twitter:data1\" content=\"1 minuta\" \/>\n<script type=\"application\/ld+json\" class=\"yoast-schema-graph\">{\"@context\":\"https:\\\/\\\/schema.org\",\"@graph\":[{\"@type\":\"WebPage\",\"@id\":\"https:\\\/\\\/greneco.hu\\\/kapcsolat-greneco-kft\\\/\",\"url\":\"https:\\\/\\\/greneco.hu\\\/kapcsolat-greneco-kft\\\/\",\"name\":\"Kapcsolat Greneco Kft - Agora Kft - Greneco Kft\",\"isPartOf\":{\"@id\":\"https:\\\/\\\/greneco.hu\\\/#website\"},\"primaryImageOfPage\":{\"@id\":\"https:\\\/\\\/greneco.hu\\\/kapcsolat-greneco-kft\\\/#primaryimage\"},\"image\":{\"@id\":\"https:\\\/\\\/greneco.hu\\\/kapcsolat-greneco-kft\\\/#primaryimage\"},\"thumbnailUrl\":\"https:\\\/\\\/greneco.hu\\\/wp-content\\\/uploads\\\/2024\\\/05\\\/logoGR-1024x263.webp\",\"datePublished\":\"2024-05-08T12:20:45+00:00\",\"dateModified\":\"2024-08-08T07:24:31+00:00\",\"description\":\"Greneco Kft-Kapcsolat-El\u00e9rhet\u0151s\u00e9g - Greneco \u00c1ltal\u00e1nos \u00c9p\u00edt\u0151ipari, M\u00e9rn\u00f6ki \u00e9s Energetikai Szolg\u00e1ltat\u00f3 Kft 1037 Budapest, Bojt\u00e1r u. 50.\",\"breadcrumb\":{\"@id\":\"https:\\\/\\\/greneco.hu\\\/kapcsolat-greneco-kft\\\/#breadcrumb\"},\"inLanguage\":\"hr\",\"potentialAction\":[{\"@type\":\"ReadAction\",\"target\":[\"https:\\\/\\\/greneco.hu\\\/kapcsolat-greneco-kft\\\/\"]}]},{\"@type\":\"ImageObject\",\"inLanguage\":\"hr\",\"@id\":\"https:\\\/\\\/greneco.hu\\\/kapcsolat-greneco-kft\\\/#primaryimage\",\"url\":\"https:\\\/\\\/greneco.hu\\\/wp-content\\\/uploads\\\/2024\\\/05\\\/logoGR-1024x263.webp\",\"contentUrl\":\"https:\\\/\\\/greneco.hu\\\/wp-content\\\/uploads\\\/2024\\\/05\\\/logoGR-1024x263.webp\"},{\"@type\":\"BreadcrumbList\",\"@id\":\"https:\\\/\\\/greneco.hu\\\/kapcsolat-greneco-kft\\\/#breadcrumb\",\"itemListElement\":[{\"@type\":\"ListItem\",\"position\":1,\"name\":\"Kezd\u0151lap\",\"item\":\"https:\\\/\\\/greneco.hu\\\/\"},{\"@type\":\"ListItem\",\"position\":2,\"name\":\"Kapcsolat Greneco Kft\"}]},{\"@type\":\"WebSite\",\"@id\":\"https:\\\/\\\/greneco.hu\\\/#website\",\"url\":\"https:\\\/\\\/greneco.hu\\\/\",\"name\":\"Agora Kft - Greneco Kft\",\"description\":\"\",\"potentialAction\":[{\"@type\":\"SearchAction\",\"target\":{\"@type\":\"EntryPoint\",\"urlTemplate\":\"https:\\\/\\\/greneco.hu\\\/?s={search_term_string}\"},\"query-input\":{\"@type\":\"PropertyValueSpecification\",\"valueRequired\":true,\"valueName\":\"search_term_string\"}}],\"inLanguage\":\"hr\"}]}<\/script>\n<!-- \/ Yoast SEO plugin. -->","yoast_head_json":{"title":"Kapcsolat Greneco Kft - Agora Kft - Greneco Kft","description":"Greneco Kft-Kapcsolat-El\u00e9rhet\u0151s\u00e9g - Greneco \u00c1ltal\u00e1nos \u00c9p\u00edt\u0151ipari, M\u00e9rn\u00f6ki \u00e9s Energetikai Szolg\u00e1ltat\u00f3 Kft 1037 Budapest, Bojt\u00e1r u. 50.","robots":{"index":"index","follow":"follow","max-snippet":"max-snippet:-1","max-image-preview":"max-image-preview:large","max-video-preview":"max-video-preview:-1"},"canonical":"https:\/\/greneco.hu\/hr\/kapcsolat-greneco-kft\/","og_locale":"hr_HR","og_type":"article","og_title":"Kapcsolat Greneco Kft - Agora Kft - Greneco Kft","og_description":"Greneco Kft-Kapcsolat-El\u00e9rhet\u0151s\u00e9g - Greneco \u00c1ltal\u00e1nos \u00c9p\u00edt\u0151ipari, M\u00e9rn\u00f6ki \u00e9s Energetikai Szolg\u00e1ltat\u00f3 Kft 1037 Budapest, Bojt\u00e1r u. 50.","og_url":"https:\/\/greneco.hu\/hr\/kapcsolat-greneco-kft\/","og_site_name":"Agora Kft - Greneco Kft","article_modified_time":"2024-08-08T07:24:31+00:00","og_image":[{"url":"https:\/\/greneco.hu\/wp-content\/uploads\/2024\/05\/logoGR-1024x263.webp","type":"","width":"","height":""}],"twitter_card":"summary_large_image","twitter_misc":{"Procijenjeno vrijeme \u010ditanja":"1 minuta"},"schema":{"@context":"https:\/\/schema.org","@graph":[{"@type":"WebPage","@id":"https:\/\/greneco.hu\/kapcsolat-greneco-kft\/","url":"https:\/\/greneco.hu\/kapcsolat-greneco-kft\/","name":"Kapcsolat Greneco Kft - Agora Kft - Greneco Kft","isPartOf":{"@id":"https:\/\/greneco.hu\/#website"},"primaryImageOfPage":{"@id":"https:\/\/greneco.hu\/kapcsolat-greneco-kft\/#primaryimage"},"image":{"@id":"https:\/\/greneco.hu\/kapcsolat-greneco-kft\/#primaryimage"},"thumbnailUrl":"https:\/\/greneco.hu\/wp-content\/uploads\/2024\/05\/logoGR-1024x263.webp","datePublished":"2024-05-08T12:20:45+00:00","dateModified":"2024-08-08T07:24:31+00:00","description":"Greneco Kft-Kapcsolat-El\u00e9rhet\u0151s\u00e9g - Greneco \u00c1ltal\u00e1nos \u00c9p\u00edt\u0151ipari, M\u00e9rn\u00f6ki \u00e9s Energetikai Szolg\u00e1ltat\u00f3 Kft 1037 Budapest, Bojt\u00e1r u. 50.","breadcrumb":{"@id":"https:\/\/greneco.hu\/kapcsolat-greneco-kft\/#breadcrumb"},"inLanguage":"hr","potentialAction":[{"@type":"ReadAction","target":["https:\/\/greneco.hu\/kapcsolat-greneco-kft\/"]}]},{"@type":"ImageObject","inLanguage":"hr","@id":"https:\/\/greneco.hu\/kapcsolat-greneco-kft\/#primaryimage","url":"https:\/\/greneco.hu\/wp-content\/uploads\/2024\/05\/logoGR-1024x263.webp","contentUrl":"https:\/\/greneco.hu\/wp-content\/uploads\/2024\/05\/logoGR-1024x263.webp"},{"@type":"BreadcrumbList","@id":"https:\/\/greneco.hu\/kapcsolat-greneco-kft\/#breadcrumb","itemListElement":[{"@type":"ListItem","position":1,"name":"Kezd\u0151lap","item":"https:\/\/greneco.hu\/"},{"@type":"ListItem","position":2,"name":"Kapcsolat Greneco Kft"}]},{"@type":"WebSite","@id":"https:\/\/greneco.hu\/#website","url":"https:\/\/greneco.hu\/","name":"Agora Kft - Greneco Kft","description":"","potentialAction":[{"@type":"SearchAction","target":{"@type":"EntryPoint","urlTemplate":"https:\/\/greneco.hu\/?s={search_term_string}"},"query-input":{"@type":"PropertyValueSpecification","valueRequired":true,"valueName":"search_term_string"}}],"inLanguage":"hr"}]}},"_links":{"self":[{"href":"https:\/\/greneco.hu\/hr\/wp-json\/wp\/v2\/pages\/183","targetHints":{"allow":["GET"]}}],"collection":[{"href":"https:\/\/greneco.hu\/hr\/wp-json\/wp\/v2\/pages"}],"about":[{"href":"https:\/\/greneco.hu\/hr\/wp-json\/wp\/v2\/types\/page"}],"author":[{"embeddable":true,"href":"https:\/\/greneco.hu\/hr\/wp-json\/wp\/v2\/users\/1"}],"replies":[{"embeddable":true,"href":"https:\/\/greneco.hu\/hr\/wp-json\/wp\/v2\/comments?post=183"}],"version-history":[{"count":28,"href":"https:\/\/greneco.hu\/hr\/wp-json\/wp\/v2\/pages\/183\/revisions"}],"predecessor-version":[{"id":1399,"href":"https:\/\/greneco.hu\/hr\/wp-json\/wp\/v2\/pages\/183\/revisions\/1399"}],"wp:attachment":[{"href":"https:\/\/greneco.hu\/hr\/wp-json\/wp\/v2\/media?parent=183"}],"curies":[{"name":"wp","href":"https:\/\/api.w.org\/{rel}","templated":true}]}}